{"id":231,"date":"2019-10-30T04:27:48","date_gmt":"2019-10-30T04:27:48","guid":{"rendered":"https:\/\/happyshinyfitness.com\/?post_type=product&#038;p=231"},"modified":"2019-10-30T04:29:26","modified_gmt":"2019-10-30T04:29:26","slug":"foodies-book","status":"publish","type":"product","link":"https:\/\/happyshinyfitness.com\/en\/alimentacion-sana\/foodies-book\/","title":{"rendered":"Foodie's Book"},"content":{"rendered":"","protected":false},"excerpt":{"rendered":"<h2>PAUTAS ALIMENTICIAS<\/h2>\n<p>Te propongo algo que no es un plan, te propongo aprender e identificar la alimentaci\u00f3n saludable y real que se adapte a tu vida.<\/p>\n<p>Una buena alimentaci\u00f3n comienza por una compra saludable, as\u00ed que ser\u00e1 importante saber elegir, por lo que haremos un paseo por los distintos grupos de alimentos. <strong>Desc\u00e1rgatelo Gratis!<\/strong><\/p>","protected":false},"featured_media":232,"template":"","meta":[],"product_cat":[20],"product_tag":[],"aioseo_notices":[],"_links":{"self":[{"href":"https:\/\/happyshinyfitness.com\/en\/wp-json\/wp\/v2\/product\/231"}],"collection":[{"href":"https:\/\/happyshinyfitness.com\/en\/wp-json\/wp\/v2\/product"}],"about":[{"href":"https:\/\/happyshinyfitness.com\/en\/wp-json\/wp\/v2\/types\/product"}],"wp:featuredmedia":[{"embeddable":true,"href":"https:\/\/happyshinyfitness.com\/en\/wp-json\/wp\/v2\/media\/232"}],"wp:attachment":[{"href":"https:\/\/happyshinyfitness.com\/en\/wp-json\/wp\/v2\/media?parent=231"}],"wp:term":[{"taxonomy":"product_cat","embeddable":true,"href":"https:\/\/happyshinyfitness.com\/en\/wp-json\/wp\/v2\/product_cat?post=231"},{"taxonomy":"product_tag","embeddable":true,"href":"https:\/\/happyshinyfitness.com\/en\/wp-json\/wp\/v2\/product_tag?post=231"}],"curies":[{"name":"wp","href":"https:\/\/api.w.org\/{rel}","templated":true}]}}